{"id":3606,"date":"2024-12-28T12:33:50","date_gmt":"2024-12-28T11:33:50","guid":{"rendered":"https:\/\/plainfolly.com\/?page_id=3606"},"modified":"2024-12-31T13:01:13","modified_gmt":"2024-12-31T12:01:13","slug":"fortuities","status":"publish","type":"page","link":"https:\/\/plainfolly.com\/de\/fortuities\/","title":{"rendered":"EP &#8220;Fortuities&#8221;"},"content":{"rendered":"<div class=\"vc_row wpb_row vc_row-fluid\"><div class=\"wpb_column vc_column_container vc_col-sm-12\"><div class=\"vc_column-inner\"><div class=\"wpb_wrapper\">\n\t<div class=\"wpb_text_column wpb_content_element\" >\n\t\t<div class=\"wpb_wrapper\">\n\t\t\t<h3 style=\"text-align: center;\">\"Alleine der zweite Track HELL ist den Kauf dieses Albums wert.\"<\/h3>\n\n\t\t<\/div>\n\t<\/div>\n\n\t<div class=\"wpb_text_column wpb_content_element\" >\n\t\t<div class=\"wpb_wrapper\">\n\t\t\t<p style=\"text-align: center;\">(GITARRE &amp; BASS MAGAZIN)<\/p>\n\n\t\t<\/div>\n\t<\/div>\n<div class=\"vc_row wpb_row vc_inner vc_row-fluid\"><div class=\"wpb_column vc_column_container vc_col-sm-6\"><div class=\"vc_column-inner\"><div class=\"wpb_wrapper\">\n\t<div  class=\"wpb_single_image wpb_content_element vc_align_left\">\n\t\t\n\t\t<figure class=\"wpb_wrapper vc_figure\">\n\t\t\t<div class=\"vc_single_image-wrapper   vc_box_border_grey\"><img width=\"900\" height=\"900\" src=\"https:\/\/plainfolly.com\/wp-content\/uploads\/Plain_Folly_Zimbalam_1440-1024x1024.jpg\" class=\"vc_single_image-img attachment-large\" alt=\"\" loading=\"lazy\" title=\"Plain_Folly_Zimbalam_1440\" srcset=\"https:\/\/plainfolly.com\/wp-content\/uploads\/Plain_Folly_Zimbalam_1440-1024x1024.jpg 1024w, https:\/\/plainfolly.com\/wp-content\/uploads\/Plain_Folly_Zimbalam_1440-150x150.jpg 150w, https:\/\/plainfolly.com\/wp-content\/uploads\/Plain_Folly_Zimbalam_1440-300x300.jpg 300w, https:\/\/plainfolly.com\/wp-content\/uploads\/Plain_Folly_Zimbalam_1440-768x768.jpg 768w, https:\/\/plainfolly.com\/wp-content\/uploads\/Plain_Folly_Zimbalam_1440-e1530109504663.jpg 600w\" sizes=\"(max-width: 900px) 100vw, 900px\" \/><\/div>\n\t\t<\/figure>\n\t<\/div>\n<\/div><\/div><\/div><div class=\"wpb_column vc_column_container vc_col-sm-6\"><div class=\"vc_column-inner\"><div class=\"wpb_wrapper\">\n\t<div class=\"wpb_text_column wpb_content_element\" >\n\t\t<div class=\"wpb_wrapper\">\n\t\t\t<p>Auf \u201eFortuities\u201c mischt Irina K\u00fchn alias Plain Folly Elemente aus Alternative Rock, Art Pop, Trip Hop und elektronischer Musik auf ihre ganz eigene, einzigartige Weise. Ihre starke und facettenreiche Stimme fasziniert von Anfang an, pendelt zwischen su\u0308\u00df und selbstbewusst, gefu\u0308hlvoll und verzweifelt, schmeichelt sich charmant ein und fordert druckvoll heraus. Jeder Song ist zugleich eine Mischung aus explosiven und treibenden, aber auch melancholischen und verletzlichen Momenten. Mit ihrer Musik l\u00e4sst Plain Folly das Publikum an ihren ganz intimen Erlebnissen, Tr\u00e4umen und Sehns\u00fcchten teilhaben und verzaubert es mit ihrer fesselnden stimmlichen Pr\u00e4senz.<\/p>\n<p>Irina K\u00fchn ist nicht nur Stimme und Gesicht von Plain Folly, sondern sie schreibt, komponiert und arrangiert alle Songs selbst. F\u00fcr die Verwirklichung ihrer ersten 4-Track-EP entschied sie sich f\u00fcr die Zusammenarbeit mit Produzent Tom Schenk (Mini Moustache, Gravity Saints, Eyes of Solace, Stone the Crow). W\u00e4hrend Irina auf \u201eFortuities\u201c alle Instrumente selbst spielt, darunter Gitarren, Klavier, E-Bass und Bass-Synthesizer, konnte der bekannte deutsche Drummer Moritz M\u00fcller (Heavytones, Joris, The Intersphere) f\u00fcr die Schlagzeugaufnahmen gewonnen werden. \u201eFortuities\u201c mischt die Energie, die Atmosph\u00e4re und den Sound von Bands wie Mutemath, Dredg und The Intersphere, f\u00fcgt dabei aber ganz neue und unerwartete Bestandteile hinzu.<\/p>\n\n\t\t<\/div>\n\t<\/div>\n<\/div><\/div><\/div><\/div><div class=\"vc_btn3-container vc_btn3-center vc_custom_1735639335085\" ><a onmouseleave=\"this.style.borderColor='#000000'; this.style.backgroundColor='transparent'; this.style.color='#000000'\" onmouseenter=\"this.style.color='#919191';\" style=\"border-color:#000000; color:#000000;\" class=\"vc_general vc_btn3 vc_btn3-size-md vc_btn3-shape-square vc_btn3-style-outline-custom\" href=\"https:\/\/plainfolly.com\/de\/listentofortuities\/\" title=\"Listen\" target=\"_blank\">ANH\u00d6REN<\/a><\/div><div class=\"vc_separator wpb_content_element vc_separator_align_center vc_sep_width_100 vc_sep_pos_align_center vc_separator_no_text vc_sep_color_grey vc_custom_1735555071731  vc_custom_1735555071731\" ><span class=\"vc_sep_holder vc_sep_holder_l\"><span  class=\"vc_sep_line\"><\/span><\/span><span class=\"vc_sep_holder vc_sep_holder_r\"><span  class=\"vc_sep_line\"><\/span><\/span>\n<\/div><\/div><\/div><\/div><\/div><div class=\"vc_row wpb_row vc_row-fluid vc_custom_1735640302239\"><div class=\"wpb_column vc_column_container vc_col-sm-12\"><div class=\"vc_column-inner\"><div class=\"wpb_wrapper\">\n\t<div class=\"wpb_text_column wpb_content_element\" >\n\t\t<div class=\"wpb_wrapper\">\n\t\t\t<h5 style=\"text-align: center;\">CREDITS<\/h5>\n\n\t\t<\/div>\n\t<\/div>\n<div class=\"vc_row wpb_row vc_inner vc_row-fluid\"><div class=\"wpb_column vc_column_container vc_col-sm-6\"><div class=\"vc_column-inner\"><div class=\"wpb_wrapper\">\n\t<div class=\"wpb_text_column wpb_content_element\" >\n\t\t<div class=\"wpb_wrapper\">\n\t\t\t<p>Music &amp; Lyrics by Irina K\u00fchn<br \/>\nexcept for &#8220;One Step Ahead&#8221;: Music by Irina K\u00fchn &amp; Christian La Cascia<br \/>\nVocals, Guitars, Piano &amp; Bass by Irina K\u00fchn<br \/>\nDrums by Moritz M\u00fcller<\/p>\n\n\t\t<\/div>\n\t<\/div>\n<\/div><\/div><\/div><div class=\"wpb_column vc_column_container vc_col-sm-6\"><div class=\"vc_column-inner\"><div class=\"wpb_wrapper\">\n\t<div class=\"wpb_text_column wpb_content_element\" >\n\t\t<div class=\"wpb_wrapper\">\n\t\t\t<p>Recording, Engineering, Mix &amp; Mastering by Tom Schenk (Tankraum Studio)<br \/>\nPiano Recordings by Irina K\u00fchn<br \/>\nProduced by Tom Schenk (<a href=\"https:\/\/www.tankraum.com\/\" target=\"_blank\" rel=\"noopener\">Tankraum Studio<\/a>) and Irina K\u00fchn<\/p>\n\n\t\t<\/div>\n\t<\/div>\n<\/div><\/div><\/div><\/div><div class=\"vc_separator wpb_content_element vc_separator_align_center vc_sep_width_100 vc_sep_pos_align_center vc_separator_no_text vc_sep_color_grey vc_custom_1735555071731  vc_custom_1735555071731\" ><span class=\"vc_sep_holder vc_sep_holder_l\"><span  class=\"vc_sep_line\"><\/span><\/span><span class=\"vc_sep_holder vc_sep_holder_r\"><span  class=\"vc_sep_line\"><\/span><\/span>\n<\/div><\/div><\/div><\/div><\/div><div class=\"vc_row wpb_row vc_row-fluid vc_custom_1735639860339 white_on_black\"><div class=\"lc_swp_overlay\"  data-color=\"#ffffff\" ><\/div><div class=\"wpb_column vc_column_container vc_col-sm-12\"><div class=\"vc_column-inner\"><div class=\"wpb_wrapper\">\n\t<div class=\"wpb_text_column wpb_content_element\" >\n\t\t<div class=\"wpb_wrapper\">\n\t\t\t<h5 style=\"text-align: center;\"><span style=\"color: #000000;\">&#8220;FORTUITIES&#8221; STUDIO SESSIONS<br \/>\n<\/span><\/h5>\n\n\t\t<\/div>\n\t<\/div>\n\n\t<div class=\"wpb_text_column wpb_content_element\" >\n\t\t<div class=\"wpb_wrapper\">\n\t\t\t<p style=\"text-align: center;\"><span style=\"color: #1f1f1f;\">AUF YOUTUBE ANSEHEN<\/span><\/p>\n\n\t\t<\/div>\n\t<\/div>\n\n\t<div class=\"wpb_video_widget wpb_content_element vc_clearfix   vc_video-aspect-ratio-169 vc_video-el-width-70 vc_video-align-center\" >\n\t\t<div class=\"wpb_wrapper\">\n\t\t\t\n\t\t\t<div class=\"wpb_video_wrapper\"><iframe title=\"Plain Folly - Sold Out | Guitar Recordings (Studio)\" width=\"900\" height=\"506\" src=\"https:\/\/www.youtube.com\/embed\/sIkzobsTfPg?list=PLQLSTuLF_dMUYdhY2-4AxApSeujhaLmaO\" frameborder=\"0\" allow=\"accelerometer; autoplay; clipboard-write; encrypted-media; gyroscope; picture-in-picture; web-share\" referrerpolicy=\"strict-origin-when-cross-origin\" allowfullscreen><\/iframe><\/div>\n\t\t<\/div>\n\t<\/div>\n<div class=\"vc_btn3-container vc_btn3-center\" ><a onmouseleave=\"this.style.borderColor='#050505'; this.style.backgroundColor='transparent'; this.style.color='#050505'\" onmouseenter=\"this.style.color='#919191';\" style=\"border-color:#050505; color:#050505;\" class=\"vc_general vc_btn3 vc_btn3-size-md vc_btn3-shape-square vc_btn3-style-outline-custom\" href=\"https:\/\/www.youtube.com\/watch?v=RBG9CINoVso&#038;list=PLQLSTuLF_dMUYdhY2-4AxApSeujhaLmaO\" title=\"\" target=\"_blank\">MEHR STUDIO VIDEOS<\/a><\/div><\/div><\/div><\/div><\/div>","protected":false},"excerpt":{"rendered":"\u201cThe second track HELL alone is worth buying this album.\" (GITARRE &amp; BASS MAGAZINE) On \"Fortuities\", Irina K\u00fchn alias Plain Folly mixes elements from Alternative Rock, Art Pop, Trip Hop and Electronic Music in a very distinctive and unique way....","protected":false},"author":1,"featured_media":0,"parent":0,"menu_order":0,"comment_status":"closed","ping_status":"closed","template":"","meta":{"_mi_skip_tracking":false},"yoast_head":"<!-- This site is optimized with the Yoast SEO plugin v19.8 - https:\/\/yoast.com\/wordpress\/plugins\/seo\/ -->\n<title>&quot;Fortuities&quot; | Plain Folly - Singer, Songwriter &amp; Musician<\/title>\n<meta name=\"description\" content=\"Art Pop, Modern Rock, Indie Rock, Alternative, Piano Rock, Piano Pop, New Wave, Trip Hop, Rock, Emo Pop, Pop by Irina K\u00fchn alias Plain Folly\" \/>\n<meta name=\"robots\" content=\"index, follow, max-snippet:-1, max-image-preview:large, max-video-preview:-1\" \/>\n<link rel=\"canonical\" href=\"https:\/\/plainfolly.com\/de\/fortuities\/\" \/>\n<meta property=\"og:locale\" content=\"de_DE\" \/>\n<meta property=\"og:type\" content=\"article\" \/>\n<meta property=\"og:title\" content=\"&quot;Fortuities&quot; | Plain Folly - Singer, Songwriter &amp; Musician\" \/>\n<meta property=\"og:description\" content=\"Art Pop, Modern Rock, Indie Rock, Alternative, Piano Rock, Piano Pop, New Wave, Trip Hop, Rock, Emo Pop, Pop by Irina K\u00fchn alias Plain Folly\" \/>\n<meta property=\"og:url\" content=\"https:\/\/plainfolly.com\/de\/fortuities\/\" \/>\n<meta property=\"og:site_name\" content=\"Plain Folly | Singer, Songwriter &amp; Musician\" \/>\n<meta property=\"article:publisher\" content=\"https:\/\/www.facebook.com\/plainfolly\" \/>\n<meta property=\"article:modified_time\" content=\"2024-12-31T12:01:13+00:00\" \/>\n<meta name=\"twitter:card\" content=\"summary_large_image\" \/>\n<meta name=\"twitter:site\" content=\"@aboutplainfolly\" \/>\n<meta name=\"twitter:label1\" content=\"Gesch\u00e4tzte Lesezeit\" \/>\n\t<meta name=\"twitter:data1\" content=\"2\u00a0Minuten\" \/>\n<script type=\"application\/ld+json\" class=\"yoast-schema-graph\">{\"@context\":\"https:\/\/schema.org\",\"@graph\":[{\"@type\":\"WebPage\",\"@id\":\"https:\/\/plainfolly.com\/fortuities\/\",\"url\":\"https:\/\/plainfolly.com\/fortuities\/\",\"name\":\"\\\"Fortuities\\\" | Plain Folly - Singer, Songwriter & Musician\",\"isPartOf\":{\"@id\":\"https:\/\/plainfolly.com\/#website\"},\"datePublished\":\"2024-12-28T11:33:50+00:00\",\"dateModified\":\"2024-12-31T12:01:13+00:00\",\"description\":\"Art Pop, Modern Rock, Indie Rock, Alternative, Piano Rock, Piano Pop, New Wave, Trip Hop, Rock, Emo Pop, Pop by Irina K\u00fchn alias Plain Folly\",\"breadcrumb\":{\"@id\":\"https:\/\/plainfolly.com\/fortuities\/#breadcrumb\"},\"inLanguage\":\"de\",\"potentialAction\":[{\"@type\":\"ReadAction\",\"target\":[\"https:\/\/plainfolly.com\/fortuities\/\"]}]},{\"@type\":\"BreadcrumbList\",\"@id\":\"https:\/\/plainfolly.com\/fortuities\/#breadcrumb\",\"itemListElement\":[{\"@type\":\"ListItem\",\"position\":1,\"name\":\"Startseite\",\"item\":\"https:\/\/plainfolly.com\/\"},{\"@type\":\"ListItem\",\"position\":2,\"name\":\"EP &#8222;Fortuities&#8220;\"}]},{\"@type\":\"WebSite\",\"@id\":\"https:\/\/plainfolly.com\/#website\",\"url\":\"https:\/\/plainfolly.com\/\",\"name\":\"Plain Folly | Singer, Songwriter &amp; Musician\",\"description\":\"Official Website\",\"potentialAction\":[{\"@type\":\"SearchAction\",\"target\":{\"@type\":\"EntryPoint\",\"urlTemplate\":\"https:\/\/plainfolly.com\/?s={search_term_string}\"},\"query-input\":\"required name=search_term_string\"}],\"inLanguage\":\"de\"}]}<\/script>\n<!-- \/ Yoast SEO plugin. -->","yoast_head_json":{"title":"\"Fortuities\" | Plain Folly - Singer, Songwriter & Musician","description":"Art Pop, Modern Rock, Indie Rock, Alternative, Piano Rock, Piano Pop, New Wave, Trip Hop, Rock, Emo Pop, Pop by Irina K\u00fchn alias Plain Folly","robots":{"index":"index","follow":"follow","max-snippet":"max-snippet:-1","max-image-preview":"max-image-preview:large","max-video-preview":"max-video-preview:-1"},"canonical":"https:\/\/plainfolly.com\/de\/fortuities\/","og_locale":"de_DE","og_type":"article","og_title":"\"Fortuities\" | Plain Folly - Singer, Songwriter & Musician","og_description":"Art Pop, Modern Rock, Indie Rock, Alternative, Piano Rock, Piano Pop, New Wave, Trip Hop, Rock, Emo Pop, Pop by Irina K\u00fchn alias Plain Folly","og_url":"https:\/\/plainfolly.com\/de\/fortuities\/","og_site_name":"Plain Folly | Singer, Songwriter &amp; Musician","article_publisher":"https:\/\/www.facebook.com\/plainfolly","article_modified_time":"2024-12-31T12:01:13+00:00","twitter_card":"summary_large_image","twitter_site":"@aboutplainfolly","twitter_misc":{"Gesch\u00e4tzte Lesezeit":"2\u00a0Minuten"},"schema":{"@context":"https:\/\/schema.org","@graph":[{"@type":"WebPage","@id":"https:\/\/plainfolly.com\/fortuities\/","url":"https:\/\/plainfolly.com\/fortuities\/","name":"\"Fortuities\" | Plain Folly - Singer, Songwriter & Musician","isPartOf":{"@id":"https:\/\/plainfolly.com\/#website"},"datePublished":"2024-12-28T11:33:50+00:00","dateModified":"2024-12-31T12:01:13+00:00","description":"Art Pop, Modern Rock, Indie Rock, Alternative, Piano Rock, Piano Pop, New Wave, Trip Hop, Rock, Emo Pop, Pop by Irina K\u00fchn alias Plain Folly","breadcrumb":{"@id":"https:\/\/plainfolly.com\/fortuities\/#breadcrumb"},"inLanguage":"de","potentialAction":[{"@type":"ReadAction","target":["https:\/\/plainfolly.com\/fortuities\/"]}]},{"@type":"BreadcrumbList","@id":"https:\/\/plainfolly.com\/fortuities\/#breadcrumb","itemListElement":[{"@type":"ListItem","position":1,"name":"Startseite","item":"https:\/\/plainfolly.com\/"},{"@type":"ListItem","position":2,"name":"EP &#8222;Fortuities&#8220;"}]},{"@type":"WebSite","@id":"https:\/\/plainfolly.com\/#website","url":"https:\/\/plainfolly.com\/","name":"Plain Folly | Singer, Songwriter &amp; Musician","description":"Official Website","potentialAction":[{"@type":"SearchAction","target":{"@type":"EntryPoint","urlTemplate":"https:\/\/plainfolly.com\/?s={search_term_string}"},"query-input":"required name=search_term_string"}],"inLanguage":"de"}]}},"_links":{"self":[{"href":"https:\/\/plainfolly.com\/de\/wp-json\/wp\/v2\/pages\/3606"}],"collection":[{"href":"https:\/\/plainfolly.com\/de\/wp-json\/wp\/v2\/pages"}],"about":[{"href":"https:\/\/plainfolly.com\/de\/wp-json\/wp\/v2\/types\/page"}],"author":[{"embeddable":true,"href":"https:\/\/plainfolly.com\/de\/wp-json\/wp\/v2\/users\/1"}],"replies":[{"embeddable":true,"href":"https:\/\/plainfolly.com\/de\/wp-json\/wp\/v2\/comments?post=3606"}],"version-history":[{"count":22,"href":"https:\/\/plainfolly.com\/de\/wp-json\/wp\/v2\/pages\/3606\/revisions"}],"predecessor-version":[{"id":3715,"href":"https:\/\/plainfolly.com\/de\/wp-json\/wp\/v2\/pages\/3606\/revisions\/3715"}],"wp:attachment":[{"href":"https:\/\/plainfolly.com\/de\/wp-json\/wp\/v2\/media?parent=3606"}],"curies":[{"name":"wp","href":"https:\/\/api.w.org\/{rel}","templated":true}]}}