{"id":3399,"date":"2024-04-05T18:27:22","date_gmt":"2024-04-05T16:27:22","guid":{"rendered":"https:\/\/plainfolly.com\/?page_id=3399"},"modified":"2024-12-31T12:11:02","modified_gmt":"2024-12-31T11:11:02","slug":"toaht","status":"publish","type":"page","link":"https:\/\/plainfolly.com\/de\/toaht\/","title":{"rendered":"ALBUM &#8220;Tales Of A Hundred Thoughts&#8221;"},"content":{"rendered":"<div class=\"vc_row wpb_row vc_row-fluid\"><div class=\"wpb_column vc_column_container vc_col-sm-12\"><div class=\"vc_column-inner\"><div class=\"wpb_wrapper\">\n\t<div class=\"wpb_text_column wpb_content_element\" >\n\t\t<div class=\"wpb_wrapper\">\n\t\t\t<h3 style=\"text-align: center;\"><span style=\"color: #ffffff;\">Intime existentielle Fragen, umh\u00fcllt von schmerzhaft sch\u00f6nen, d\u00fcster schimmernden, heilsamen Indie-Schmuckst\u00fccken.<\/span><\/h3>\n\n\t\t<\/div>\n\t<\/div>\n<div class=\"vc_row wpb_row vc_inner vc_row-fluid\"><div class=\"wpb_column vc_column_container vc_col-sm-6\"><div class=\"vc_column-inner\"><div class=\"wpb_wrapper\">\n\t<div  class=\"wpb_single_image wpb_content_element vc_align_left\">\n\t\t\n\t\t<figure class=\"wpb_wrapper vc_figure\">\n\t\t\t<div class=\"vc_single_image-wrapper   vc_box_border_grey\"><img width=\"900\" height=\"900\" src=\"https:\/\/plainfolly.com\/wp-content\/uploads\/240613_plainfolly_cover_1500x1500_Album_05_gestempelt_Website-1024x1024.jpg\" class=\"vc_single_image-img attachment-large\" alt=\"Plain Folly Cover TOAHT Album\" loading=\"lazy\" title=\"\" srcset=\"https:\/\/plainfolly.com\/wp-content\/uploads\/240613_plainfolly_cover_1500x1500_Album_05_gestempelt_Website-1024x1024.jpg 1024w, https:\/\/plainfolly.com\/wp-content\/uploads\/240613_plainfolly_cover_1500x1500_Album_05_gestempelt_Website-300x300.jpg 300w, https:\/\/plainfolly.com\/wp-content\/uploads\/240613_plainfolly_cover_1500x1500_Album_05_gestempelt_Website-150x150.jpg 150w, https:\/\/plainfolly.com\/wp-content\/uploads\/240613_plainfolly_cover_1500x1500_Album_05_gestempelt_Website-768x768.jpg 768w, https:\/\/plainfolly.com\/wp-content\/uploads\/240613_plainfolly_cover_1500x1500_Album_05_gestempelt_Website-1536x1536.jpg 1536w, https:\/\/plainfolly.com\/wp-content\/uploads\/240613_plainfolly_cover_1500x1500_Album_05_gestempelt_Website-2048x2048.jpg 2048w, https:\/\/plainfolly.com\/wp-content\/uploads\/240613_plainfolly_cover_1500x1500_Album_05_gestempelt_Website-12x12.jpg 12w\" sizes=\"(max-width: 900px) 100vw, 900px\" \/><\/div>\n\t\t<\/figure>\n\t<\/div>\n<\/div><\/div><\/div><div class=\"wpb_column vc_column_container vc_col-sm-6\"><div class=\"vc_column-inner\"><div class=\"wpb_wrapper\">\n\t<div class=\"wpb_text_column wpb_content_element\" >\n\t\t<div class=\"wpb_wrapper\">\n\t\t\t<p><span style=\"color: #ffffff;\">Auf ihrem Album \u201eTales Of A Hundred Thoughts\u201c nimmt uns Irina K\u00fchn alias Plain Folly mit in ihr ganz eigenes Nimmerland. Ihr melancholischer, dramatischer, kaskadierender Indie Pop macht aber schnell klar: Dies hier ist nicht die heitere Disney-Variante mit Feenstaub und Gel\u00e4chter. Nimmerland ist vielleicht nicht abgebrannt, aber eine ganze Ecke desillusionierter. Die Zeit tickt, sie tickt f\u00fcr uns alle, unsere Leben ziehen an uns vorbei, w\u00e4hrend wir in Gedankenpal\u00e4ste fliehen. <\/span><\/p>\n<p><span style=\"color: #ffffff;\">In bewegenden, dramatisch wogenden, bei allen \u00c4ngsten aber zu jeder Zeit kraftvollen, cineastischen Songs erz\u00e4hlt Irina K\u00fchn von Verg\u00e4nglichkeit und dem Verblassen des Zaubers. Plain Folly ist ihr Baby, ihres ganz allein. Ihre Musik ist ihre Katharsis, die Songs sind von ihr erlebt, geschrieben und arrangiert, aufgenommen und finalisiert von Produzent Tom Schenk. Piano, Gitarre, Synthies und akzentuierende Drums von Moritz M\u00fcller (Heavytones, The Intersphere) zeichnen ein bedeutungsvolles, ahnungsvolles musikalisches, raumf\u00fcllendes Koordinatensystem, in dem Tori Amos, Phoebe Bridgers, Florence &amp; the Machine und Hayley Williams als Referenzpunkte genannt werden k\u00f6nnen. Aber: Plain Folly bewegt sich auf ihrer eigenen Gerade \u2013 nicht zuletzt wegen ihrer besonderen, vollen, wandlungsreichen Stimme. <\/span><\/p>\n<p><span style=\"color: #ffffff;\">\u201eTales Of A Hundred Thoughts\u201c verhandelt ernste Themen mit entwaffnender Ehrlichkeit und intimer Offenheit. Und h\u00fcllt existentielle Fragen in schmerzhaft sch\u00f6ne, d\u00fcster schimmernde, heilsame Indie-Schmuckst\u00fccke.<\/span><\/p>\n\n\t\t<\/div>\n\t<\/div>\n<\/div><\/div><\/div><\/div><div class=\"vc_btn3-container vc_btn3-center vc_custom_1735399825912\" ><a onmouseleave=\"this.style.borderColor='#ffffff'; this.style.backgroundColor='transparent'; this.style.color='#ffffff'\" onmouseenter=\"this.style.color='#e5e5e5';\" style=\"border-color:#ffffff; color:#ffffff;\" class=\"vc_general vc_btn3 vc_btn3-size-md vc_btn3-shape-square vc_btn3-style-outline-custom\" href=\"https:\/\/plainfolly.com\/de\/listentotoaht\/\" title=\"\" target=\"_blank\">STREAM \/ DOWNLOAD<\/a><\/div><div class=\"vc_separator wpb_content_element vc_separator_align_center vc_sep_width_100 vc_sep_pos_align_center vc_separator_no_text vc_sep_color_grey vc_custom_1715001851292  vc_custom_1715001851292\" ><span class=\"vc_sep_holder vc_sep_holder_l\"><span  class=\"vc_sep_line\"><\/span><\/span><span class=\"vc_sep_holder vc_sep_holder_r\"><span  class=\"vc_sep_line\"><\/span><\/span>\n<\/div><\/div><\/div><\/div><\/div><div class=\"vc_row wpb_row vc_row-fluid vc_custom_1715002251994\"><div class=\"wpb_column vc_column_container vc_col-sm-12\"><div class=\"vc_column-inner\"><div class=\"wpb_wrapper\">\n\t<div class=\"wpb_text_column wpb_content_element\" >\n\t\t<div class=\"wpb_wrapper\">\n\t\t\t<h5 style=\"text-align: center;\"><span style=\"color: #ffffff;\">CREDITS<\/span><\/h5>\n\n\t\t<\/div>\n\t<\/div>\n<div class=\"vc_row wpb_row vc_inner vc_row-fluid\"><div class=\"wpb_column vc_column_container vc_col-sm-6\"><div class=\"vc_column-inner\"><div class=\"wpb_wrapper\">\n\t<div class=\"wpb_text_column wpb_content_element\" >\n\t\t<div class=\"wpb_wrapper\">\n\t\t\t<p><span style=\"color: #ffffff;\">Music &amp; Lyrics by Irina K\u00fchn<\/span><br \/>\n<span style=\"color: #ffffff;\">Vocals, Piano, Keys, Guitars, Bass by Irina K\u00fchn<\/span><br \/>\n<span style=\"color: #ffffff;\">Drums by Moritz M\u00fcller<\/span><br \/>\n<span style=\"color: #ffffff;\">Solo Guitar on &#8220;Breaking Clocks&#8221; by Andy Newman<\/span><br \/>\n<span style=\"color: #ffffff;\">Violin on &#8220;Still Here&#8221; by Sabrina Achstetter<\/span><\/p>\n\n\t\t<\/div>\n\t<\/div>\n<\/div><\/div><\/div><div class=\"wpb_column vc_column_container vc_col-sm-6\"><div class=\"vc_column-inner\"><div class=\"wpb_wrapper\">\n\t<div class=\"wpb_text_column wpb_content_element\" >\n\t\t<div class=\"wpb_wrapper\">\n\t\t\t<p><span style=\"color: #ffffff;\">Cello on &#8220;Still Here&#8221; by G\u00f6ran Unzner<\/span><br \/>\n<span style=\"color: #ffffff;\">Programming and Synths on &#8220;Devote&#8221; by Tom Schenk &amp; Irina K\u00fchn<\/span><br \/>\n<span style=\"color: #ffffff;\">Recording, Engineering, Mix &amp; Mastering by Tom Schenk (Tankraum Studio)<\/span><br \/>\n<span style=\"color: #ffffff;\">Additional Recordings by Irina K\u00fchn<\/span><br \/>\n<span style=\"color: #ffffff;\">Produced by Tom Schenk (<a style=\"color: #ffffff;\" href=\"https:\/\/irinakuehn.us3.list-manage.com\/track\/click?u=6eed766a7c5b554d5cfad4bb8&amp;id=84315da871&amp;e=991b622449\">Tankraum Studio<\/a>)<\/span><\/p>\n\n\t\t<\/div>\n\t<\/div>\n<\/div><\/div><\/div><\/div><\/div><\/div><\/div><\/div><div id=\"pf-track-by-track\" data-vc-full-width=\"true\" data-vc-full-width-init=\"false\" class=\"vc_row wpb_row vc_row-fluid vc_custom_1735399518242\"><div class=\"lc_swp_overlay\"  data-color=\"#eff9e8\" ><\/div><div class=\"wpb_column vc_column_container vc_col-sm-12\"><div class=\"vc_column-inner\"><div class=\"wpb_wrapper\"><div class=\"vc_row wpb_row vc_inner vc_row-fluid vc_custom_1715001680714\"><div class=\"wpb_column vc_column_container vc_col-sm-12\"><div class=\"vc_column-inner\"><div class=\"wpb_wrapper\">\n\t<div class=\"wpb_text_column wpb_content_element\" >\n\t\t<div class=\"wpb_wrapper\">\n\t\t\t<h5 style=\"text-align: center;\"><span style=\"color: #000000;\">TRACK BY TRACK<\/span><\/h5>\n\n\t\t<\/div>\n\t<\/div>\n<\/div><\/div><\/div><\/div><div class=\"vc_row wpb_row vc_inner vc_row-fluid\"><div class=\"wpb_column vc_column_container vc_col-sm-6\"><div class=\"vc_column-inner\"><div class=\"wpb_wrapper\">\n\t<div class=\"wpb_text_column wpb_content_element\" >\n\t\t<div class=\"wpb_wrapper\">\n\t\t\t<p><span style=\"color: #000000;\"><strong>1. BETWEEN THE LINES<\/strong><\/span><\/p>\n<p>Ahnungsvolle Kl\u00e4nge und mantraesker Gesang bereiten die B\u00fchne f\u00fcr Plain Follys neues Album: \u201eA story 'bout the sun and moon...\" Doch was unbeschwert, fast schon m\u00e4rchenhaft klingt, wird die Unschuld schon bald verlieren: \u201eWords will fail me finally and reveal what\u2019s between the lines.\u201c Es ist nie nur der Text. Es ist immer auch die Musik. Vorhang auf.<\/p>\n<p><span style=\"color: #000000;\"><strong>2. STILL HERE<\/strong><\/span><\/p>\n<p>Wir kommen nicht vom Fleck. Wir laufen, aber ohne Ziel, sind Sisyphos tagein, tagaus: \u201eStill Here\u201d beschreibt das l\u00e4hmende Gef\u00fchl, ohne Orientierung durch dieses l\u00e4cherlich kurze Leben zu trudeln. Treibsandgedanken \u2013 geschrieben in einer dunklen Phase, in der die K\u00fcnstlerin nicht von der Stelle kam. Die beschw\u00f6rende Atmosph\u00e4re der Strophen \u00f6ffnet sich in einen gro\u00dfen, wogenden Refrain, akzentuiert von Violine und Cello. \u201cA hundred ways but still no road to take \u2013 A hundred thoughts but still no words to say.\u201c<\/p>\n<p><span style=\"color: #000000;\"><strong>3. OUT OF TUNE<br \/>\n<\/strong><\/span><\/p>\n<p>Zwischen Kate Bush und Tori Amos oszilliert das entfesselte \u201eOut Of Tune\u201c. Teils Wiegenlied und teils Saloon-Ballade aus den S\u00fcdstaaten mit einem hinrei\u00dfenden Pianoarrangement, geht Plain Folly hier auffallend offensiv, k\u00f6rperlich, fordernd vor: Ein loderndes, begehrendes, dezidiert feminines Liebeslied \u00fcber zwei Menschen, die nicht voneinander lassen k\u00f6nnen. Obwohl sie das eigentlich sollten. Plain Follys ganz pers\u00f6nliche Murder Ballad zwischen Ravel und Americana.<\/p>\n<p><span style=\"color: #000000;\"><strong>4. PHOSPHOR<\/strong><\/span><\/p>\n<p>\u201eIch habe mich schon seit meiner Kindheit gerne in Fantasiewelten gefl\u00fcchtet, wenn die wahre Welt unbefriedigend war\u201c, sagt Irina K\u00fchn zur Inspiration f\u00fcr \u201ePhosphor\u201c, ihrem ganz eigenen Nimmerland. Hier erforscht sie die Unterschiede zwischen Eskapismus und Realit\u00e4tsverlust bei einer Reise in ihr eigenes Unterbewusstsein. Being Plain Folly: Wavige Synthies, satte Eighties-Drums und flirrende Energie akzentuieren den toxischen Trip ins Ich. \u201eI'm wishin\u2019 for somethin\u2019 that I won't ever have \u2013 But closin\u2019 my eyes I can see the lights.\u201c<\/p>\n\n\t\t<\/div>\n\t<\/div>\n<\/div><\/div><\/div><div class=\"wpb_column vc_column_container vc_col-sm-6\"><div class=\"vc_column-inner\"><div class=\"wpb_wrapper\">\n\t<div class=\"wpb_text_column wpb_content_element\" >\n\t\t<div class=\"wpb_wrapper\">\n\t\t\t<p><span style=\"color: #000000;\"><strong>5. DEVOTE<\/strong><\/span><\/p>\n<p>Eine in sich geschlossene Mini-Indie-Moritat hat sich Irina K\u00fchn mit \u201eDevote\u201c von der Seele geschrieben. Eine Geschichte \u00fcber Hingabe im negativsten Sinn: als Selbstentwertung, Selbstaufgabe, Selbstzerst\u00f6rung, ausgel\u00f6st durch eine nicht erf\u00fcllte toxische Liebe. Was elektronisch und d\u00fcster m\u00e4andernd beginnt, changiert von silberner Hoffnung zur\u00fcck in tiefe zuckende Schatten. Von Selbsterm\u00e4chtigung bis Selbstaufgabe ist es manchmal nur ein einziger Schritt \u2013 und \u201eDevote\u201c ist der dunkel schimmernde Soundtrack dazu, umh\u00fcllt von verzweifelten, abgek\u00e4mpften Vocals. Keine leichte Kost.<\/p>\n<p><span style=\"color: #000000;\"><strong>6. APART<\/strong><\/span><\/p>\n<p>\u201eApart\u201c ist ein packender Song \u00fcber die Mauern um uns herum. Die Gr\u00e4ben, die wir gezogen haben, absichtlich oder unbewusst, und jetzt nicht mehr \u00fcberbr\u00fccken k\u00f6nnen. Eine angespannte, fiebrige Trip-Hop-Aura Marke Goldfrapp unterstreicht das versponnene, jenseitige Vexierspiel zwischen der Trennung zweier Menschen und einer Entfremdung von sich selbst. \u201eFix your within to find your way out\u201c: Ein Song wie ein Mantra.<\/p>\n<p><span style=\"color: #000000;\"><strong>7. BREAKING CLOCKS<\/strong><\/span><\/p>\n<p>\u201eBut there must be something more\u201c: Mit \u201eBreaking Clocks\u201c gelingt Plain Folly eine furiose, leidenschaftliche Indie-Hymne gegen Selbstzweifel und Resignation. \u201eDie Zeit vergeht und vergeht und ich sp\u00fcre, dass mein Leben nicht so l\u00e4uft wie ich es gerne h\u00e4tte. Und was mache ich? Ich versuche, es zu ignorieren und wegzul\u00e4cheln\u201c, sagt Irina K\u00fchn \u00fcber den ersten Song, den sie jemals f\u00fcr Plain Folly geschrieben hat. Druckvolle Drums, ein ungez\u00e4hmtes Piano und ihr durchdringender Gesang verbreiten bei aller ernsten Memento-Mori-Stimmung dennoch einen aufr\u00fcttelnden Carpe-Diem-Gedanken: Mein Leben geh\u00f6rt mir allein. Self-Empowerment klang selten so einnehmend.<\/p>\n\n\t\t<\/div>\n\t<\/div>\n<\/div><\/div><\/div><\/div><div class=\"vc_btn3-container vc_btn3-center\" ><a onmouseleave=\"this.style.borderColor='#000000'; this.style.backgroundColor='transparent'; this.style.color='#000000'\" onmouseenter=\"this.style.color='#919191';\" style=\"border-color:#000000; color:#000000;\" class=\"vc_general vc_btn3 vc_btn3-size-md vc_btn3-shape-square vc_btn3-style-outline-custom\" href=\"https:\/\/drive.google.com\/drive\/folders\/1meFWzfWJFovhaqthUUvpYO9HVkMJ1ZvQ?usp=sharing\" title=\"Plain Folly Album Info\" target=\"_blank\">DOWNLOAD ALBUM INFO<\/a><\/div><\/div><\/div><\/div><\/div><div class=\"vc_row-full-width vc_clearfix\"><\/div><div class=\"vc_row wpb_row vc_row-fluid vc_custom_1715002386544\"><div class=\"wpb_column vc_column_container vc_col-sm-12\"><div class=\"vc_column-inner\"><div class=\"wpb_wrapper\"><div class=\"vc_row wpb_row vc_inner vc_row-fluid vc_custom_1715001666486\"><div class=\"wpb_column vc_column_container vc_col-sm-12\"><div class=\"vc_column-inner\"><div class=\"wpb_wrapper\">\n\t<div class=\"wpb_text_column wpb_content_element\" >\n\t\t<div class=\"wpb_wrapper\">\n\t\t\t<h5 style=\"text-align: center;\"><span style=\"color: #ffffff;\">\u00dcBER PLAIN FOLLY<\/span><\/h5>\n<p style=\"text-align: center;\"><span style=\"color: #ffffff;\">Plain Folly ist vieles. Unangepasst, nachdenklich, manchmal vertr\u00e4umt, manchmal eruptiv. Immer aber: DIY as fuck. Irina K\u00fchn alias Plain Folly schreibt ihre eigenen Songs, spielt fast alle Instrumente ein, produziert teilweise selbst. Ihr melancholisch pulsierendes Indie-Prisma schafft sich zwischen Fiona Apple, Phoebe Bridgers und Florence + the Machine eine ganz eigene Nische, getragen von ihrer wandlungsreichen Stimme und ihrem perlenden Klavierspiel. Ihre Musik ist deswegen auff\u00e4llig tief, ein wogender Ozean an Assoziationen und Emotionen, mal wundersch\u00f6n und mal bedrohlich. Es gibt Licht, aber nicht ohne Schatten. Es gibt Schmerz, aber nicht ohne Hoffnung. Mal gestaltwandelnd als federleichter, mal als treibender Indie Pop mit einem Fokus auf ihre kraftvolle Stimme und ihr gro\u00dfes Talent an den schwarzen und wei\u00dfen Tasten. Mal als eruptive Rock-Katharsis. Mal als dunkle Trip-Hop-M\u00e4r. Ihr 2023 erscheinendes neues Album vertont Selbstzweifel und Verg\u00e4nglichkeit, stellt sich bei aller Schwere k\u00fchn und allein den St\u00fcrmen des Lebens \u2013 ein heilsamer, musikalisch bet\u00f6render Akt des Self-Empowerment. Plain Folly: Immer schon against all odds. Und eine sagenhaft aufregende Indie-Neuentdeckung.<\/span><\/p>\n\n\t\t<\/div>\n\t<\/div>\n<div class=\"vc_btn3-container vc_btn3-center\" ><a onmouseleave=\"this.style.borderColor='#ffffff'; this.style.backgroundColor='transparent'; this.style.color='#ffffff'\" onmouseenter=\"this.style.color='#e5e5e5';\" style=\"border-color:#ffffff; color:#ffffff;\" class=\"vc_general vc_btn3 vc_btn3-size-md vc_btn3-shape-square vc_btn3-style-outline-custom\" href=\"https:\/\/plainfolly.com\/de\/press\/\" title=\"Presse\" target=\"_blank\">PRESSE INFORMATIONEN<\/a><\/div><\/div><\/div><\/div><\/div><\/div><\/div><\/div><\/div>","protected":false},"excerpt":{"rendered":"Intimate existential questions, wrapped in achingly beautiful, somberly shimmering, wholesome indie gems. On her album \u201cTales Of A Hundred Thoughts\u201d, Irina K\u00fchn alias Plain Folly takes us into her very own Neverland. Her melancholic, dramatic, cascading indie pop quickly makes...","protected":false},"author":1,"featured_media":0,"parent":0,"menu_order":0,"comment_status":"closed","ping_status":"closed","template":"","meta":{"_mi_skip_tracking":false},"yoast_head":"<!-- This site is optimized with the Yoast SEO plugin v19.8 - https:\/\/yoast.com\/wordpress\/plugins\/seo\/ -->\n<title>&quot;Tales Of A Hundred Thoughts&quot; | Plain Folly - Singer &amp; Songwriter<\/title>\n<meta name=\"description\" content=\"Indie Pop, Art Pop, Modern Rock, Indie Rock, Shimmer Pop, Dark Pop, Indietronic, Alt Pop, Alt Rock, Piano Pop by Irina K\u00fchn alias Plain Folly\" \/>\n<meta name=\"robots\" content=\"index, follow, max-snippet:-1, max-image-preview:large, max-video-preview:-1\" \/>\n<link rel=\"canonical\" href=\"https:\/\/plainfolly.com\/de\/toaht\/\" \/>\n<meta property=\"og:locale\" content=\"de_DE\" \/>\n<meta property=\"og:type\" content=\"article\" \/>\n<meta property=\"og:title\" content=\"&quot;Tales Of A Hundred Thoughts&quot; | Plain Folly - Singer &amp; Songwriter\" \/>\n<meta property=\"og:description\" content=\"Indie Pop, Art Pop, Modern Rock, Indie Rock, Shimmer Pop, Dark Pop, Indietronic, Alt Pop, Alt Rock, Piano Pop by Irina K\u00fchn alias Plain Folly\" \/>\n<meta property=\"og:url\" content=\"https:\/\/plainfolly.com\/de\/toaht\/\" \/>\n<meta property=\"og:site_name\" content=\"Plain Folly | Singer, Songwriter &amp; Musician\" \/>\n<meta property=\"article:publisher\" content=\"https:\/\/www.facebook.com\/plainfolly\" \/>\n<meta property=\"article:modified_time\" content=\"2024-12-31T11:11:02+00:00\" \/>\n<meta name=\"twitter:card\" content=\"summary_large_image\" \/>\n<meta name=\"twitter:site\" content=\"@aboutplainfolly\" \/>\n<meta name=\"twitter:label1\" content=\"Gesch\u00e4tzte Lesezeit\" \/>\n\t<meta name=\"twitter:data1\" content=\"7\u00a0Minuten\" \/>\n<script type=\"application\/ld+json\" class=\"yoast-schema-graph\">{\"@context\":\"https:\/\/schema.org\",\"@graph\":[{\"@type\":\"WebPage\",\"@id\":\"https:\/\/plainfolly.com\/toaht\/\",\"url\":\"https:\/\/plainfolly.com\/toaht\/\",\"name\":\"\\\"Tales Of A Hundred Thoughts\\\" | Plain Folly - Singer & Songwriter\",\"isPartOf\":{\"@id\":\"https:\/\/plainfolly.com\/#website\"},\"datePublished\":\"2024-04-05T16:27:22+00:00\",\"dateModified\":\"2024-12-31T11:11:02+00:00\",\"description\":\"Indie Pop, Art Pop, Modern Rock, Indie Rock, Shimmer Pop, Dark Pop, Indietronic, Alt Pop, Alt Rock, Piano Pop by Irina K\u00fchn alias Plain Folly\",\"breadcrumb\":{\"@id\":\"https:\/\/plainfolly.com\/toaht\/#breadcrumb\"},\"inLanguage\":\"de\",\"potentialAction\":[{\"@type\":\"ReadAction\",\"target\":[\"https:\/\/plainfolly.com\/toaht\/\"]}]},{\"@type\":\"BreadcrumbList\",\"@id\":\"https:\/\/plainfolly.com\/toaht\/#breadcrumb\",\"itemListElement\":[{\"@type\":\"ListItem\",\"position\":1,\"name\":\"Startseite\",\"item\":\"https:\/\/plainfolly.com\/\"},{\"@type\":\"ListItem\",\"position\":2,\"name\":\"ALBUM &#8222;Tales Of A Hundred Thoughts&#8220;\"}]},{\"@type\":\"WebSite\",\"@id\":\"https:\/\/plainfolly.com\/#website\",\"url\":\"https:\/\/plainfolly.com\/\",\"name\":\"Plain Folly | Singer, Songwriter &amp; Musician\",\"description\":\"Official Website\",\"potentialAction\":[{\"@type\":\"SearchAction\",\"target\":{\"@type\":\"EntryPoint\",\"urlTemplate\":\"https:\/\/plainfolly.com\/?s={search_term_string}\"},\"query-input\":\"required name=search_term_string\"}],\"inLanguage\":\"de\"}]}<\/script>\n<!-- \/ Yoast SEO plugin. -->","yoast_head_json":{"title":"\"Tales Of A Hundred Thoughts\" | Plain Folly - Singer & Songwriter","description":"Indie Pop, Art Pop, Modern Rock, Indie Rock, Shimmer Pop, Dark Pop, Indietronic, Alt Pop, Alt Rock, Piano Pop by Irina K\u00fchn alias Plain Folly","robots":{"index":"index","follow":"follow","max-snippet":"max-snippet:-1","max-image-preview":"max-image-preview:large","max-video-preview":"max-video-preview:-1"},"canonical":"https:\/\/plainfolly.com\/de\/toaht\/","og_locale":"de_DE","og_type":"article","og_title":"\"Tales Of A Hundred Thoughts\" | Plain Folly - Singer & Songwriter","og_description":"Indie Pop, Art Pop, Modern Rock, Indie Rock, Shimmer Pop, Dark Pop, Indietronic, Alt Pop, Alt Rock, Piano Pop by Irina K\u00fchn alias Plain Folly","og_url":"https:\/\/plainfolly.com\/de\/toaht\/","og_site_name":"Plain Folly | Singer, Songwriter &amp; Musician","article_publisher":"https:\/\/www.facebook.com\/plainfolly","article_modified_time":"2024-12-31T11:11:02+00:00","twitter_card":"summary_large_image","twitter_site":"@aboutplainfolly","twitter_misc":{"Gesch\u00e4tzte Lesezeit":"7\u00a0Minuten"},"schema":{"@context":"https:\/\/schema.org","@graph":[{"@type":"WebPage","@id":"https:\/\/plainfolly.com\/toaht\/","url":"https:\/\/plainfolly.com\/toaht\/","name":"\"Tales Of A Hundred Thoughts\" | Plain Folly - Singer & Songwriter","isPartOf":{"@id":"https:\/\/plainfolly.com\/#website"},"datePublished":"2024-04-05T16:27:22+00:00","dateModified":"2024-12-31T11:11:02+00:00","description":"Indie Pop, Art Pop, Modern Rock, Indie Rock, Shimmer Pop, Dark Pop, Indietronic, Alt Pop, Alt Rock, Piano Pop by Irina K\u00fchn alias Plain Folly","breadcrumb":{"@id":"https:\/\/plainfolly.com\/toaht\/#breadcrumb"},"inLanguage":"de","potentialAction":[{"@type":"ReadAction","target":["https:\/\/plainfolly.com\/toaht\/"]}]},{"@type":"BreadcrumbList","@id":"https:\/\/plainfolly.com\/toaht\/#breadcrumb","itemListElement":[{"@type":"ListItem","position":1,"name":"Startseite","item":"https:\/\/plainfolly.com\/"},{"@type":"ListItem","position":2,"name":"ALBUM &#8222;Tales Of A Hundred Thoughts&#8220;"}]},{"@type":"WebSite","@id":"https:\/\/plainfolly.com\/#website","url":"https:\/\/plainfolly.com\/","name":"Plain Folly | Singer, Songwriter &amp; Musician","description":"Official Website","potentialAction":[{"@type":"SearchAction","target":{"@type":"EntryPoint","urlTemplate":"https:\/\/plainfolly.com\/?s={search_term_string}"},"query-input":"required name=search_term_string"}],"inLanguage":"de"}]}},"_links":{"self":[{"href":"https:\/\/plainfolly.com\/de\/wp-json\/wp\/v2\/pages\/3399"}],"collection":[{"href":"https:\/\/plainfolly.com\/de\/wp-json\/wp\/v2\/pages"}],"about":[{"href":"https:\/\/plainfolly.com\/de\/wp-json\/wp\/v2\/types\/page"}],"author":[{"embeddable":true,"href":"https:\/\/plainfolly.com\/de\/wp-json\/wp\/v2\/users\/1"}],"replies":[{"embeddable":true,"href":"https:\/\/plainfolly.com\/de\/wp-json\/wp\/v2\/comments?post=3399"}],"version-history":[{"count":70,"href":"https:\/\/plainfolly.com\/de\/wp-json\/wp\/v2\/pages\/3399\/revisions"}],"predecessor-version":[{"id":3692,"href":"https:\/\/plainfolly.com\/de\/wp-json\/wp\/v2\/pages\/3399\/revisions\/3692"}],"wp:attachment":[{"href":"https:\/\/plainfolly.com\/de\/wp-json\/wp\/v2\/media?parent=3399"}],"curies":[{"name":"wp","href":"https:\/\/api.w.org\/{rel}","templated":true}]}}