{"id":2458,"date":"2018-07-23T15:56:08","date_gmt":"2018-07-23T13:56:08","guid":{"rendered":"http:\/\/plainfolly.com\/?page_id=2458"},"modified":"2024-12-31T11:53:44","modified_gmt":"2024-12-31T10:53:44","slug":"imprint","status":"publish","type":"page","link":"https:\/\/plainfolly.com\/de\/imprint\/","title":{"rendered":"Impressum"},"content":{"rendered":"<div class=\"vc_row wpb_row vc_row-fluid\"><div class=\"lc_swp_overlay\"  data-color=\"#ffffff\" ><\/div><div class=\"wpb_column vc_column_container vc_col-sm-12\"><div class=\"vc_column-inner\"><div class=\"wpb_wrapper\">\n\t<div class=\"wpb_text_column wpb_content_element\" >\n\t\t<div class=\"wpb_wrapper\">\n\t\t\t<h2 style=\"text-align: center;\">IMPRINT<\/h2>\n<h5 style=\"text-align: center;\">(Deutsche Version siehe unten)<\/h5>\n\n\t\t<\/div>\n\t<\/div>\n<div class=\"vc_row wpb_row vc_inner vc_row-fluid\"><div class=\"wpb_column vc_column_container vc_col-sm-6\"><div class=\"vc_column-inner\"><div class=\"wpb_wrapper\">\n\t<div class=\"wpb_text_column wpb_content_element\" >\n\t\t<div class=\"wpb_wrapper\">\n\t\t\t\n\t\t<\/div>\n\t<\/div>\n\n\t<div class=\"wpb_text_column wpb_content_element\" >\n\t\t<div class=\"wpb_wrapper\">\n\t\t\t<p><strong>Provider identification according to \u00a7 5 TMG<\/strong><\/p>\n<p>Plain Folly | Irina K\u00fchn<br \/>\nIn the Ringelg\u00e4rten 24<br \/>\n70374 Stuttgart<br \/>\nGermany<\/p>\n<p>E-mail: contact@plainfolly.com<br \/>\nWeb: plainfolly.com<\/p>\n<p>Tax number: 71149\/76181<\/p>\n<p>Responsible for content (according to \u00a7 55 Abs. 2 RStV):<br \/>\nIrina K\u00fchn (address as above)<\/p>\n\n\t\t<\/div>\n\t<\/div>\n<\/div><\/div><\/div><div class=\"wpb_column vc_column_container vc_col-sm-6\"><div class=\"vc_column-inner\"><div class=\"wpb_wrapper\">\n\t<div class=\"wpb_text_column wpb_content_element\" >\n\t\t<div class=\"wpb_wrapper\">\n\t\t\t<div class=\"wpb_column vc_column_container vc_col-sm-6\">\n<div class=\"vc_column-inner\">\n<div class=\"wpb_wrapper\">\n<div class=\"wpb_text_column wpb_content_element\">\n<div class=\"wpb_wrapper\">\n<p><strong>DESIGN AND IMPLEMENTATION:<\/strong><\/p>\n<p><strong><br \/>\nLogo and Corporate Design<br \/>\n<\/strong>Alena Blass<br \/>\n<cite class=\"iUh30\"><\/cite><\/p>\n<p><strong><br \/>\nWeb Implementation<br \/>\n<\/strong>Irina K\u00fchn<br \/>\nMaximilian Renz <a href=\"http:\/\/www.renzcom.de\">www.renzcom.de<\/a><\/p>\n<p><strong><br \/>\nPhotography<br \/>\n<\/strong>Alena Blass<br \/>\nKatja Piolka<br \/>\nDominique Brewing<\/p>\n<\/div>\n<\/div>\n<\/div>\n<\/div>\n<\/div>\n\n\t\t<\/div>\n\t<\/div>\n<\/div><\/div><\/div><\/div><div class=\"vc_separator wpb_content_element vc_separator_align_center vc_sep_width_100 vc_sep_pos_align_center vc_separator_no_text vc_sep_color_grey\" ><span class=\"vc_sep_holder vc_sep_holder_l\"><span  class=\"vc_sep_line\"><\/span><\/span><span class=\"vc_sep_holder vc_sep_holder_r\"><span  class=\"vc_sep_line\"><\/span><\/span>\n<\/div><div class=\"vc_row wpb_row vc_inner vc_row-fluid\"><div class=\"wpb_column vc_column_container vc_col-sm-6\"><div class=\"vc_column-inner\"><div class=\"wpb_wrapper\">\n\t<div class=\"wpb_text_column wpb_content_element\" >\n\t\t<div class=\"wpb_wrapper\">\n\t\t\t<p><strong>Contents of the online offer<\/strong><\/p>\n<p>The author reserves the right not to be responsible for the topicality, correctness, completeness or quality of the information provided. Liability claims against the author relating to material or non-material damage caused by the use or non-use of the information provided or by the use of incorrect or incomplete information are excluded in principle, unless there is evidence of wilful intent or gross negligence on the part of the author. All offers are subject to change and non-binding. The author expressly reserves the right to change, supplement or delete parts of the pages or the entire offer without separate announcement or to cease publication temporarily or permanently.<\/p>\n\n\t\t<\/div>\n\t<\/div>\n<\/div><\/div><\/div><div class=\"wpb_column vc_column_container vc_col-sm-6\"><div class=\"vc_column-inner\"><div class=\"wpb_wrapper\">\n\t<div class=\"wpb_text_column wpb_content_element\" >\n\t\t<div class=\"wpb_wrapper\">\n\t\t\t<p><strong>Copyright and trademark law<\/strong><\/p>\n<p>The author endeavours to observe the copyrights of the graphics, sound documents, video sequences and texts used in all publications, to use graphics, sound documents, video sequences and texts created by himself or to fall back on licence-free graphics, sound documents, video sequences and texts. All brands and trademarks mentioned within the Internet offer and possibly protected by third parties are subject without restriction to the provisions of the respectively valid trademark law and the ownership rights of the respective registered owners. The mere mention of trademarks does not imply that they are not protected by the rights of third parties! The copyright for published objects created by the author himself remains solely with the author of the pages. Any duplication or use of objects such as diagrams, sounds or texts in other electronic or printed publications is not permitted without the author&#8217;s agreement.<\/p>\n<p><strong>Legal validity of this disclaimer<\/strong><\/p>\n<p>This disclaimer is to be regarded as part of the internet publication which you were referred from. If sections or individual terms of this statement are not legal or correct, the content or validity of the other parts remain uninfluenced by this fact.<\/p>\n\n\t\t<\/div>\n\t<\/div>\n<\/div><\/div><\/div><\/div><div class=\"vc_separator wpb_content_element vc_separator_align_center vc_sep_width_100 vc_sep_pos_align_center vc_separator_no_text vc_sep_color_grey\" ><span class=\"vc_sep_holder vc_sep_holder_l\"><span  class=\"vc_sep_line\"><\/span><\/span><span class=\"vc_sep_holder vc_sep_holder_r\"><span  class=\"vc_sep_line\"><\/span><\/span>\n<\/div><\/div><\/div><\/div><\/div><div class=\"vc_row wpb_row vc_row-fluid\"><div class=\"wpb_column vc_column_container vc_col-sm-12\"><div class=\"vc_column-inner\"><div class=\"wpb_wrapper\">\n\t<div class=\"wpb_text_column wpb_content_element\" >\n\t\t<div class=\"wpb_wrapper\">\n\t\t\t<h2 style=\"text-align: center;\">IMPRESSUM<\/h2>\n\n\t\t<\/div>\n\t<\/div>\n<div class=\"vc_row wpb_row vc_inner vc_row-fluid\"><div class=\"wpb_column vc_column_container vc_col-sm-6\"><div class=\"vc_column-inner\"><div class=\"wpb_wrapper\">\n\t<div class=\"wpb_text_column wpb_content_element\" >\n\t\t<div class=\"wpb_wrapper\">\n\t\t\t<div class=\"wpb_column vc_column_container vc_col-sm-6\">\n<div class=\"vc_column-inner\">\n<div class=\"wpb_wrapper\">\n<div class=\"wpb_text_column wpb_content_element\">\n<div class=\"wpb_wrapper\">\n<p><strong>Anbieterkennzeichnung gem. \u00a7 5 TMG<\/strong><\/p>\n<p>Plain Folly | Irina K\u00fchn<br \/>\nIn den Ringelg\u00e4rten 24<br \/>\nD-70374 Stuttgart<\/p>\n<p>Steuernummer: 71149\/76181<\/p>\n<p>E-Mail: contact@plainfolly.com<br \/>\nWeb: plainfolly.com<\/p>\n<p>Inhaltlich Verantwortlicher (gem\u00e4\u00df \u00a7 55 Abs. 2 RStV):<br \/>\nIrina K\u00fchn (Anschrift wie oben)<\/p>\n<\/div>\n<\/div>\n<\/div>\n<\/div>\n<\/div>\n\n\t\t<\/div>\n\t<\/div>\n<\/div><\/div><\/div><div class=\"wpb_column vc_column_container vc_col-sm-6\"><div class=\"vc_column-inner\"><div class=\"wpb_wrapper\">\n\t<div class=\"wpb_text_column wpb_content_element\" >\n\t\t<div class=\"wpb_wrapper\">\n\t\t\t<div class=\"wpb_column vc_column_container vc_col-sm-6\">\n<div class=\"vc_column-inner\">\n<div class=\"wpb_wrapper\">\n<div class=\"wpb_text_column wpb_content_element\">\n<div class=\"wpb_wrapper\">\n<p><strong>GESTALTUNG UND UMSETZUNG<br \/>\n<\/strong><\/p>\n<p><strong><br \/>\nLogo und Corporate Design<br \/>\n<\/strong>Alena Blas<\/p>\n<p><cite class=\"iUh30\"><\/cite><strong>Web-Umsetzung<br \/>\n<\/strong>Irina K\u00fchn<br \/>\nMaximilian Renz <a href=\"http:\/\/www.renzcom.de\">www.renzcom.de<\/a><\/p>\n<p><strong><br \/>\nFotos<br \/>\n<\/strong>Alena Blass<br \/>\nKatja Piolka<br \/>\nDominique Brewing<\/p>\n<\/div>\n<\/div>\n<\/div>\n<\/div>\n<\/div>\n\n\t\t<\/div>\n\t<\/div>\n<\/div><\/div><\/div><\/div><div class=\"vc_separator wpb_content_element vc_separator_align_center vc_sep_width_100 vc_sep_pos_align_center vc_separator_no_text vc_sep_color_grey\" ><span class=\"vc_sep_holder vc_sep_holder_l\"><span  class=\"vc_sep_line\"><\/span><\/span><span class=\"vc_sep_holder vc_sep_holder_r\"><span  class=\"vc_sep_line\"><\/span><\/span>\n<\/div><div class=\"vc_row wpb_row vc_inner vc_row-fluid\"><div class=\"wpb_column vc_column_container vc_col-sm-6\"><div class=\"vc_column-inner\"><div class=\"wpb_wrapper\">\n\t<div class=\"wpb_text_column wpb_content_element\" >\n\t\t<div class=\"wpb_wrapper\">\n\t\t\t<p><strong>Inhalt des Onlineangebotes<\/strong><\/p>\n<p>Der Autor \u00fcbernimmt keinerlei Gew\u00e4hr f\u00fcr die Aktualit\u00e4t, Korrektheit, Vollst\u00e4ndigkeit oder Qualit\u00e4t der bereitgestellten Informationen. Haftungsanspr\u00fcche gegen den Autor, welche sich auf Sch\u00e4den materieller oder ideeller Art beziehen, die durch die Nutzung oder Nichtnutzung der dargebotenen Informationen bzw. durch die Nutzung fehlerhafter und unvollst\u00e4ndiger Informationen verursacht wurden, sind grunds\u00e4tzlich ausgeschlossen, sofern seitens des Autors kein nachweislich vors\u00e4tzliches oder grob fahrl\u00e4ssiges Verschulden vorliegt. Alle Angebote sind freibleibend und unverbindlich. Der Autor beh\u00e4lt es sich ausdr\u00fccklich vor, Teile der Seiten oder das gesamte Angebot ohne gesonderte Ank\u00fcndigung zu ver\u00e4ndern, zu erg\u00e4nzen, zu l\u00f6schen oder die Ver\u00f6ffentlichung zeitweise oder endg\u00fcltig einzustellen.<\/p>\n\n\t\t<\/div>\n\t<\/div>\n<\/div><\/div><\/div><div class=\"wpb_column vc_column_container vc_col-sm-6\"><div class=\"vc_column-inner\"><div class=\"wpb_wrapper\">\n\t<div class=\"wpb_text_column wpb_content_element\" >\n\t\t<div class=\"wpb_wrapper\">\n\t\t\t<p><strong>Urheber- und Kennzeichenrecht<\/strong><\/p>\n<p>Der Autor ist bestrebt, in allen Publikationen die Urheberrechte der verwendeten Grafiken, Tondokumente, Videosequenzen und Texte zu beachten, von ihm selbst erstellte Grafiken, Tondokumente, Videosequenzen und Texte zu nutzen oder auf lizenzfreie Grafiken, Tondokumente, Videosequenzen und Texte zur\u00fcckzugreifen. Alle innerhalb des Internetangebotes genannten und ggf. durch Dritte gesch\u00fctzten Marken- und Warenzeichen unterliegen uneingeschr\u00e4nkt den Bestimmungen des jeweils g\u00fcltigen Kennzeichenrechts und den Besitzrechten der jeweiligen eingetragenen Eigent\u00fcmer. Allein aufgrund der blo\u00dfen Nennung ist nicht der Schlu\u00df zu ziehen, dass Markenzeichen nicht durch Rechte Dritter gesch\u00fctzt sind! Das Copyright f\u00fcr ver\u00f6ffentlichte, vom Autor selbst erstellte Objekte bleibt allein beim Autor der Seiten. Eine Vervielf\u00e4ltigung oder Verwendung solcher Grafiken, Tondokumente, Videosequenzen und Texte in anderen elektronischen oder gedruckten Publikationen ist ohne ausdr\u00fcckliche Zustimmung des Autors nicht gestattet.<\/p>\n<p><strong>Rechtswirksamkeit dieses Haftungsausschlusses<\/strong><\/p>\n<p>Dieser Haftungsausschluss ist als Teil des Internetangebotes zu betrachten, von dem aus auf diese Seite verwiesen wurde. Sofern Teile oder einzelne Formulierungen dieses Textes der geltenden Rechtslage nicht, nicht mehr oder nicht vollst\u00e4ndig entsprechen sollten, bleiben die \u00fcbrigen Teile des Dokumentes in ihrem Inhalt und ihrer G\u00fcltigkeit davon unber\u00fchrt.<\/p>\n\n\t\t<\/div>\n\t<\/div>\n<\/div><\/div><\/div><\/div><\/div><\/div><\/div><\/div><div data-vc-full-width=\"true\" data-vc-full-width-init=\"false\" data-vc-stretch-content=\"true\" class=\"vc_row wpb_row vc_row-fluid\"><div class=\"wpb_column vc_column_container vc_col-sm-12\"><div class=\"vc_column-inner\"><div class=\"wpb_wrapper\"><div class=\"vc_separator wpb_content_element vc_separator_align_center vc_sep_width_100 vc_sep_pos_align_center vc_separator_no_text vc_sep_color_grey\" ><span class=\"vc_sep_holder vc_sep_holder_l\"><span  class=\"vc_sep_line\"><\/span><\/span><span class=\"vc_sep_holder vc_sep_holder_r\"><span  class=\"vc_sep_line\"><\/span><\/span>\n<\/div><\/div><\/div><\/div><\/div><div class=\"vc_row-full-width vc_clearfix\"><\/div>","protected":false},"excerpt":{"rendered":"IMPRINT (Deutsche Version siehe unten) Provider identification according to \u00a7 5 TMG Plain Folly | Irina K\u00fchn In the Ringelg\u00e4rten 24 70374 Stuttgart Germany E-mail: contact@plainfolly.com Web: plainfolly.com Tax number: 71149\/76181 Responsible for content (according to \u00a7 55 Abs. 2...","protected":false},"author":1,"featured_media":0,"parent":0,"menu_order":0,"comment_status":"closed","ping_status":"open","template":"","meta":{"_mi_skip_tracking":false},"yoast_head":"<!-- This site is optimized with the Yoast SEO plugin v19.8 - https:\/\/yoast.com\/wordpress\/plugins\/seo\/ -->\n<title>Imprint | Plain Folly - Singer, Songwriter &amp; Musician<\/title>\n<meta name=\"description\" content=\"Indie Pop, Art Pop, Modern Rock, Alternative, Alt Pop, Piano Rock, Piano Pop, Shimmer Pop, Dark Pop, Indietronic, Melancholia by Plain Folly\" \/>\n<meta name=\"robots\" content=\"noindex, nofollow\" \/>\n<meta property=\"og:locale\" content=\"de_DE\" \/>\n<meta property=\"og:type\" content=\"article\" \/>\n<meta property=\"og:title\" content=\"Imprint | Plain Folly - Singer, Songwriter &amp; Musician\" \/>\n<meta property=\"og:description\" content=\"Indie Pop, Art Pop, Modern Rock, Alternative, Alt Pop, Piano Rock, Piano Pop, Shimmer Pop, Dark Pop, Indietronic, Melancholia by Plain Folly\" \/>\n<meta property=\"og:url\" content=\"https:\/\/plainfolly.com\/de\/imprint\/\" \/>\n<meta property=\"og:site_name\" content=\"Plain Folly | Singer, Songwriter &amp; Musician\" \/>\n<meta property=\"article:publisher\" content=\"https:\/\/www.facebook.com\/plainfolly\" \/>\n<meta property=\"article:modified_time\" content=\"2024-12-31T10:53:44+00:00\" \/>\n<meta name=\"twitter:card\" content=\"summary_large_image\" \/>\n<meta name=\"twitter:site\" content=\"@aboutplainfolly\" \/>\n<meta name=\"twitter:label1\" content=\"Gesch\u00e4tzte Lesezeit\" \/>\n\t<meta name=\"twitter:data1\" content=\"5\u00a0Minuten\" \/>\n<script type=\"application\/ld+json\" class=\"yoast-schema-graph\">{\"@context\":\"https:\/\/schema.org\",\"@graph\":[{\"@type\":\"WebPage\",\"@id\":\"https:\/\/plainfolly.com\/imprint\/\",\"url\":\"https:\/\/plainfolly.com\/imprint\/\",\"name\":\"Imprint | Plain Folly - Singer, Songwriter & Musician\",\"isPartOf\":{\"@id\":\"https:\/\/plainfolly.com\/#website\"},\"datePublished\":\"2018-07-23T13:56:08+00:00\",\"dateModified\":\"2024-12-31T10:53:44+00:00\",\"description\":\"Indie Pop, Art Pop, Modern Rock, Alternative, Alt Pop, Piano Rock, Piano Pop, Shimmer Pop, Dark Pop, Indietronic, Melancholia by Plain Folly\",\"breadcrumb\":{\"@id\":\"https:\/\/plainfolly.com\/imprint\/#breadcrumb\"},\"inLanguage\":\"de\",\"potentialAction\":[{\"@type\":\"ReadAction\",\"target\":[\"https:\/\/plainfolly.com\/imprint\/\"]}]},{\"@type\":\"BreadcrumbList\",\"@id\":\"https:\/\/plainfolly.com\/imprint\/#breadcrumb\",\"itemListElement\":[{\"@type\":\"ListItem\",\"position\":1,\"name\":\"Startseite\",\"item\":\"https:\/\/plainfolly.com\/\"},{\"@type\":\"ListItem\",\"position\":2,\"name\":\"Imprint\"}]},{\"@type\":\"WebSite\",\"@id\":\"https:\/\/plainfolly.com\/#website\",\"url\":\"https:\/\/plainfolly.com\/\",\"name\":\"Plain Folly | Singer, Songwriter &amp; Musician\",\"description\":\"Official Website\",\"potentialAction\":[{\"@type\":\"SearchAction\",\"target\":{\"@type\":\"EntryPoint\",\"urlTemplate\":\"https:\/\/plainfolly.com\/?s={search_term_string}\"},\"query-input\":\"required name=search_term_string\"}],\"inLanguage\":\"de\"}]}<\/script>\n<!-- \/ Yoast SEO plugin. -->","yoast_head_json":{"title":"Imprint | Plain Folly - Singer, Songwriter & Musician","description":"Indie Pop, Art Pop, Modern Rock, Alternative, Alt Pop, Piano Rock, Piano Pop, Shimmer Pop, Dark Pop, Indietronic, Melancholia by Plain Folly","robots":{"index":"noindex","follow":"nofollow"},"og_locale":"de_DE","og_type":"article","og_title":"Imprint | Plain Folly - Singer, Songwriter & Musician","og_description":"Indie Pop, Art Pop, Modern Rock, Alternative, Alt Pop, Piano Rock, Piano Pop, Shimmer Pop, Dark Pop, Indietronic, Melancholia by Plain Folly","og_url":"https:\/\/plainfolly.com\/de\/imprint\/","og_site_name":"Plain Folly | Singer, Songwriter &amp; Musician","article_publisher":"https:\/\/www.facebook.com\/plainfolly","article_modified_time":"2024-12-31T10:53:44+00:00","twitter_card":"summary_large_image","twitter_site":"@aboutplainfolly","twitter_misc":{"Gesch\u00e4tzte Lesezeit":"5\u00a0Minuten"},"schema":{"@context":"https:\/\/schema.org","@graph":[{"@type":"WebPage","@id":"https:\/\/plainfolly.com\/imprint\/","url":"https:\/\/plainfolly.com\/imprint\/","name":"Imprint | Plain Folly - Singer, Songwriter & Musician","isPartOf":{"@id":"https:\/\/plainfolly.com\/#website"},"datePublished":"2018-07-23T13:56:08+00:00","dateModified":"2024-12-31T10:53:44+00:00","description":"Indie Pop, Art Pop, Modern Rock, Alternative, Alt Pop, Piano Rock, Piano Pop, Shimmer Pop, Dark Pop, Indietronic, Melancholia by Plain Folly","breadcrumb":{"@id":"https:\/\/plainfolly.com\/imprint\/#breadcrumb"},"inLanguage":"de","potentialAction":[{"@type":"ReadAction","target":["https:\/\/plainfolly.com\/imprint\/"]}]},{"@type":"BreadcrumbList","@id":"https:\/\/plainfolly.com\/imprint\/#breadcrumb","itemListElement":[{"@type":"ListItem","position":1,"name":"Startseite","item":"https:\/\/plainfolly.com\/"},{"@type":"ListItem","position":2,"name":"Imprint"}]},{"@type":"WebSite","@id":"https:\/\/plainfolly.com\/#website","url":"https:\/\/plainfolly.com\/","name":"Plain Folly | Singer, Songwriter &amp; Musician","description":"Official Website","potentialAction":[{"@type":"SearchAction","target":{"@type":"EntryPoint","urlTemplate":"https:\/\/plainfolly.com\/?s={search_term_string}"},"query-input":"required name=search_term_string"}],"inLanguage":"de"}]}},"_links":{"self":[{"href":"https:\/\/plainfolly.com\/de\/wp-json\/wp\/v2\/pages\/2458"}],"collection":[{"href":"https:\/\/plainfolly.com\/de\/wp-json\/wp\/v2\/pages"}],"about":[{"href":"https:\/\/plainfolly.com\/de\/wp-json\/wp\/v2\/types\/page"}],"author":[{"embeddable":true,"href":"https:\/\/plainfolly.com\/de\/wp-json\/wp\/v2\/users\/1"}],"replies":[{"embeddable":true,"href":"https:\/\/plainfolly.com\/de\/wp-json\/wp\/v2\/comments?post=2458"}],"version-history":[{"count":10,"href":"https:\/\/plainfolly.com\/de\/wp-json\/wp\/v2\/pages\/2458\/revisions"}],"predecessor-version":[{"id":3667,"href":"https:\/\/plainfolly.com\/de\/wp-json\/wp\/v2\/pages\/2458\/revisions\/3667"}],"wp:attachment":[{"href":"https:\/\/plainfolly.com\/de\/wp-json\/wp\/v2\/media?parent=2458"}],"curies":[{"name":"wp","href":"https:\/\/api.w.org\/{rel}","templated":true}]}}